{"id":1396,"date":"2022-06-20T13:11:36","date_gmt":"2022-06-20T12:11:36","guid":{"rendered":"https:\/\/rainfor.org\/?page_id=1396"},"modified":"2022-07-19T15:37:13","modified_gmt":"2022-07-19T14:37:13","slug":"home","status":"publish","type":"page","link":"https:\/\/rainfor.org\/es\/","title":{"rendered":"Inicio"},"content":{"rendered":"\n<section id=\"section-29ee040a-c538-42ae-8d47-40e3c6a3feb1\" class=\"wp-block-gutentor-image-slider alignfull gutentor-section gutentor-image-slider imageSlider-template1\"><div class=\"gutentor-grid-item-wrap\"><div class=\"gutentor-slider-wrapper\" data-dots=\"true\" data-arrows=\"true\" data-infinite=\"true\" data-nextarrow=\"fas fa-angle-right\" data-prevarrow=\"fas fa-angle-left\" data-autoplay=\"true\" data-autoplayspeed=\"2428\" data-fade=\"true\" data-speed=\"2003\"><div class=\"gutentor-slider-item\"><div class=\"gutentor-single-item gutentor-single-item-0\"><div class=\"gutentor-single-item-wrap\"><div class=\"gutentor-single-item-image-box\"><div class=\"gutentor-bg-image\"><\/div><\/div><div class=\"gutentor-single-item-content\"><div class=\"grid-container\"><div class=\"slider-caption text-left\"><h3 class=\"gutentor-single-item-title\">SOBRE RAINFOR<\/h3><p class=\"gutentor-single-item-desc\"><strong>Tomando el pulso del bosque tropical m\u00e1s grande<br><\/strong>La Amazonia contiene m\u00e1s vida, agua y carbono que cualquier otro bosque en la Tierra<br>Los socios de RAINFOR est\u00e1n dedicados a comprender sus preciosos ecosistemas<\/p><a class=\"gutentor-button gutentor-single-item-button gutentor-icon-hide\" href=\"https:\/\/rainfor.org\/es\/proyecto\/sobre-rainfor\/\"><i class=\"gutentor-button-icon fas fa-book\"><\/i><span><strong>Lea M\u00e1s<\/strong><\/span><\/a><\/div><\/div><\/div><\/div><\/div><\/div><div class=\"gutentor-slider-item\"><div class=\"gutentor-single-item gutentor-single-item-1\"><div class=\"gutentor-single-item-wrap\"><div class=\"gutentor-single-item-image-box\"><div class=\"gutentor-bg-image\"><\/div><\/div><div class=\"gutentor-single-item-content\"><div class=\"grid-container\"><div class=\"slider-caption text-left\"><h3 class=\"gutentor-single-item-title\"><strong>NOTICIAS<\/strong><\/h3><p class=\"gutentor-single-item-desc\">La importancia de profundidad del nivel fre\u00e1tico &#8211;<em> 22 de mayo<\/em><br><br>\u00bfC\u00f3mo podemos hacer que los datos forestales sean justos?<br>Pon a las personas, no a los datos, primero &#8211; <em>22 de mayo<\/em><\/p><a class=\"gutentor-button gutentor-single-item-button gutentor-icon-hide\" href=\"https:\/\/rainfor.org\/es\/noticias-2\/noticias\/\"><i class=\"gutentor-button-icon fas fa-book\"><\/i><span><strong>Lea M\u00e1s<\/strong><\/span><\/a><\/div><\/div><\/div><\/div><\/div><\/div><div class=\"gutentor-slider-item\"><div class=\"gutentor-single-item gutentor-single-item-2\"><div class=\"gutentor-single-item-wrap\"><div class=\"gutentor-single-item-image-box\"><div class=\"gutentor-bg-image\"><\/div><\/div><div class=\"gutentor-single-item-content\"><div class=\"grid-container\"><div class=\"slider-caption text-left\"><h3 class=\"gutentor-single-item-title\">MANUALES<\/h3><p class=\"gutentor-single-item-desc\">\u00b7 Manuales de campo<br>\u00b7 Seguimiento de los procesos de carbono en parcelas permanentes<br>\u00b7 Apoyar el uso sostenible de los recursos forestales<br>. Nuestro c\u00f3digo de conducta<\/p><a class=\"gutentor-button gutentor-single-item-button gutentor-icon-hide\" href=\"https:\/\/rainfor.org\/es\/manuales\/en-el-campo\/\"><i class=\"gutentor-button-icon fas fa-book\"><\/i><span><strong>Lea M\u00e1s<\/strong><\/span><\/a><\/div><\/div><\/div><\/div><\/div><\/div><div class=\"gutentor-slider-item\"><div class=\"gutentor-single-item gutentor-single-item-3\"><div class=\"gutentor-single-item-wrap\"><div class=\"gutentor-single-item-image-box\"><div class=\"gutentor-bg-image\"><\/div><\/div><div class=\"gutentor-single-item-content\"><div class=\"grid-container\"><div class=\"slider-caption text-left\"><h3 class=\"gutentor-single-item-title\">PUBLICACIONES<\/h3><p class=\"gutentor-single-item-desc\">Las contribuciones cient\u00edficas de RAINFOR abarcan m\u00e1s de 300 art\u00edculos.<br>Lea nuestras \u00faltimas publicaciones<\/p><a class=\"gutentor-button gutentor-single-item-button gutentor-icon-hide\" href=\"https:\/\/rainfor.org\/es\/publicaciones\/\"><i class=\"gutentor-button-icon fas fa-book\"><\/i><span><strong>Lea M\u00e1s<\/strong><\/span><\/a><\/div><\/div><\/div><\/div><\/div><\/div><div class=\"gutentor-slider-item\"><div class=\"gutentor-single-item gutentor-single-item-4\"><div class=\"gutentor-single-item-wrap\"><div class=\"gutentor-single-item-image-box\"><div class=\"gutentor-bg-image\"><\/div><\/div><div class=\"gutentor-single-item-content\"><div class=\"grid-container\"><div class=\"slider-caption text-left\"><h3 class=\"gutentor-single-item-title\">CAMPA\u00d1AS<\/h3><p class=\"gutentor-single-item-desc\">Desde el a\u00f1o 2000 la comunidad RAINFOR busca rastrear la Amazonia \u00e1rbol por \u00e1rbol, desde la tierra arriba, a largo plazo<\/p><a class=\"gutentor-button gutentor-single-item-button gutentor-icon-hide\" href=\"https:\/\/rainfor.org\/es\/proyecto\/campanas\/\"><i class=\"gutentor-button-icon fas fa-book\"><\/i><span><strong>Lea M\u00e1s<\/strong><\/span><\/a><\/div><\/div><\/div><\/div><\/div><\/div><\/div><\/div><\/section>\n\n\n\n<section id=\"gm3e33d3a\" class=\"wp-block-gutentor-m4 section-gm3e33d3a gutentor-module gutentor-advanced-columns\"><div class=\"grid-container\"><div class=\"grid-row\">\n<div id=\"col-gmb94890\" class=\"wp-block-gutentor-m4-col col-gmb94890 gutentor-single-column  grid-lg-2 grid-md-12 grid-12\"><div id=\"section-gmb94890\" class=\"section-gmb94890 gutentor-col-wrap\"><\/div><\/div>\n\n\n\n<div id=\"col-gm935bc0\" class=\"wp-block-gutentor-m4-col col-gm935bc0 gutentor-single-column  grid-lg-8 grid-md-12 grid-12\"><div id=\"section-gm935bc0\" class=\"section-gm935bc0 gutentor-col-wrap\">\n<h2 class=\"has-text-align-center wp-block-heading\">BIENVENIDO AL SITIO WEB DE RAINFOR<\/h2>\n\n\n\n<p class=\"has-text-align-justify\">La Red Amaz\u00f3nica de Inventarios Forestales es una colaboraci\u00f3n internacional, a largo plazo, para entender las din\u00e1micas de los ecosistemas del Amazonas. Desde el cambio de milenio hemos establecido conjuntamente un marco sistem\u00e1tico para monitoreo los bosques desde el suelo. Este marco se centra en parcelas forestales permanentes que hacen un seguimiento del comportamiento de los \u00e1rboles y las especies individuales, y tambi\u00e9n incluye colecciones extensas de suelo y datos biogeoqu\u00edmicos de plantas, y muestreo intensivo y frecuente de los procesos del ciclo del carbono en algunos sitios clave. RAINFOR trabaja con socios en los pa\u00edses del Amazonas, tomando en cuenta el papel modulador de las variables ambientales como nutrici\u00f3n del suelo, y la necesidad de desarrollar una nueva generaci\u00f3n de ec\u00f3logos Amaz\u00f3nicos. El trabajo de RAINFOR es apoyado actualmente por las agencias de financiamiento en Brasil, Colombia, el Reino Unido, y la Uni\u00f3n Europea.<\/p>\n<\/div><\/div>\n\n\n\n<div id=\"col-gm782206\" class=\"wp-block-gutentor-m4-col col-gm782206 gutentor-single-column  grid-lg-2 grid-md-12 grid-12\"><div id=\"section-gm782206\" class=\"section-gm782206 gutentor-col-wrap\"><\/div><\/div>\n<\/div><\/div><\/section>\n\n\n\n<section id=\"section-f3bfc317-b554-4547-91cb-a2efdaca33e9\" class=\"wp-block-gutentor-gallery gutentor-section gutentor-gallery gutentor-gallery-wrapper enable-masonry gallery-template2 has-color-bg has-custom-bg\"><div class=\"grid-container gutentor-rm-ct-space-d\"><div class=\"gutentor-block-header\"><div class=\"gutentor-section-title enable-title-design seperator-bottom text-center\"><h2 class=\"gutentor-title\">CAMPA\u00d1AS<\/h2><\/div><\/div><div class=\"grid-row gutentor-grid-item-wrap full-width-row\"><div class=\"gutentor-gallery-item grid-md-3 grid-sm-4 grid-xs-12\"><div class=\"gutentor-single-item gutentor-image gutentor-single-item-0\"><div class=\"gutentor-gallery-item-wrap\"><div class=\"gutentor-single-item-image-box\"><div class=\"gutentor-image-thumb\"><img loading=\"lazy\" decoding=\"async\" class=\"normal-image\" src=\"https:\/\/rainfor.org\/wp-content\/uploads\/sites\/129\/2022\/06\/GOOD_Image-21_Peru_Identification_Monteagudo_edit.jpg\" alt=\"\" height=\"768\" width=\"1024\" \/><div class=\"overlay\"><\/div><\/div><\/div><div class=\"gutentor-single-item-content\"><div class=\"gutentor-gallery-item-header\"><a href=\"https:\/\/rainfor.org\/wp-content\/uploads\/sites\/129\/2022\/06\/GOOD_Image-21_Peru_Identification_Monteagudo_edit.jpg\" class=\"image-gallery\"><i class=\"gallery-icon fas fa-search\"><\/i><\/a><\/div><div class=\"gutentor-gallery-item-desc\"><p class=\"gutentor-single-item-desc\">Identificaci\u00f3n de plantas, Per\u00fa (foto Abel Monteagudo)<\/p><a class=\"gutentor-button gutentor-single-item-button gutentor-icon-hide\" href=\"https:\/\/rainfor.org\/es\/proyecto\/campanas\/\"><i class=\"gutentor-button-icon fas fa-book\"><\/i><span><strong>Lea M\u00e1s<\/strong><\/span><\/a><\/div><\/div><\/div><\/div><\/div><div class=\"gutentor-gallery-item grid-md-3 grid-sm-4 grid-xs-12\"><div class=\"gutentor-single-item gutentor-image gutentor-single-item-1\"><div class=\"gutentor-gallery-item-wrap\"><div class=\"gutentor-single-item-image-box\"><div class=\"gutentor-image-thumb\"><img loading=\"lazy\" decoding=\"async\" class=\"normal-image\" src=\"https:\/\/rainfor.org\/wp-content\/uploads\/sites\/129\/2022\/06\/GOOD_Image-12_CloudForest_Bryan2.jpg\" alt=\"\" height=\"401\" width=\"800\" \/><div class=\"overlay\"><\/div><\/div><\/div><div class=\"gutentor-single-item-content\"><div class=\"gutentor-gallery-item-header\"><a href=\"https:\/\/rainfor.org\/wp-content\/uploads\/sites\/129\/2022\/06\/GOOD_Image-12_CloudForest_Bryan2.jpg\" class=\"image-gallery\"><i class=\"gallery-icon fas fa-search\"><\/i><\/a><\/div><div class=\"gutentor-gallery-item-desc\"><p class=\"gutentor-single-item-desc\">Bosque nuboso (foto: Jake Bryant)<\/p><a class=\"gutentor-button gutentor-single-item-button gutentor-icon-hide\" href=\"https:\/\/rainfor.org\/es\/proyecto\/campanas\/\"><i class=\"gutentor-button-icon fas fa-book\"><\/i><span><strong>Lea M\u00e1s<\/strong><\/span><\/a><\/div><\/div><\/div><\/div><\/div><div class=\"gutentor-gallery-item grid-md-3 grid-sm-4 grid-xs-12\"><div class=\"gutentor-single-item gutentor-image gutentor-single-item-2\"><div class=\"gutentor-gallery-item-wrap\"><div class=\"gutentor-single-item-image-box\"><div class=\"gutentor-image-thumb\"><img loading=\"lazy\" decoding=\"async\" class=\"normal-image\" src=\"https:\/\/rainfor.org\/wp-content\/uploads\/sites\/129\/2022\/06\/GOOD_Abel_Equipo-de-remedcion-de-parcela-ALP-11-2015-2.jpg\" alt=\"\" height=\"1440\" width=\"1920\" \/><div class=\"overlay\"><\/div><\/div><\/div><div class=\"gutentor-single-item-content\"><div class=\"gutentor-gallery-item-header\"><a href=\"https:\/\/rainfor.org\/wp-content\/uploads\/sites\/129\/2022\/06\/GOOD_Abel_Equipo-de-remedcion-de-parcela-ALP-11-2015-2.jpg\" class=\"image-gallery\"><i class=\"gallery-icon fas fa-search\"><\/i><\/a><\/div><div class=\"gutentor-gallery-item-desc\"><p class=\"gutentor-single-item-desc\">Equipo Rainfor de remedici\u00f3n de ALP-11, 2015 (foto Abel Monteagudo-Mendoza)<\/p><a class=\"gutentor-button gutentor-single-item-button gutentor-icon-hide\" href=\"https:\/\/rainfor.org\/es\/proyecto\/campanas\/\"><i class=\"gutentor-button-icon fas fa-book\"><\/i><span><strong>Lea M\u00e1s<\/strong><\/span><\/a><\/div><\/div><\/div><\/div><\/div><div class=\"gutentor-gallery-item grid-md-3 grid-sm-4 grid-xs-12\"><div class=\"gutentor-single-item gutentor-image gutentor-single-item-3\"><div class=\"gutentor-gallery-item-wrap\"><div class=\"gutentor-single-item-image-box\"><div class=\"gutentor-image-thumb\"><img loading=\"lazy\" decoding=\"async\" class=\"normal-image\" src=\"https:\/\/rainfor.org\/wp-content\/uploads\/sites\/129\/2022\/06\/GOOD_Abel_Image6-Measuring-tree-height_Brienen.jpg\" alt=\"\" height=\"1440\" width=\"1920\" \/><div class=\"overlay\"><\/div><\/div><\/div><div class=\"gutentor-single-item-content\"><div class=\"gutentor-gallery-item-header\"><a href=\"https:\/\/rainfor.org\/wp-content\/uploads\/sites\/129\/2022\/06\/GOOD_Abel_Image6-Measuring-tree-height_Brienen.jpg\" class=\"image-gallery\"><i class=\"gallery-icon fas fa-search\"><\/i><\/a><\/div><div class=\"gutentor-gallery-item-desc\"><p class=\"gutentor-single-item-desc\">Midiendo la altura de un \u00e1rbol (foto Roel Brienen)<\/p><a class=\"gutentor-button gutentor-single-item-button gutentor-icon-hide\" href=\"https:\/\/rainfor.org\/es\/proyecto\/campanas\/\"><i class=\"gutentor-button-icon fas fa-book\"><\/i><span><strong>Lea M\u00e1s<\/strong><\/span><\/a><\/div><\/div><\/div><\/div><\/div><div class=\"gutentor-gallery-item grid-md-3 grid-sm-4 grid-xs-12\"><div class=\"gutentor-single-item gutentor-image gutentor-single-item-4\"><div class=\"gutentor-gallery-item-wrap\"><div class=\"gutentor-single-item-image-box\"><div class=\"gutentor-image-thumb\"><img loading=\"lazy\" decoding=\"async\" class=\"normal-image\" src=\"https:\/\/rainfor.org\/wp-content\/uploads\/sites\/129\/2022\/06\/SAM_1065.jpg\" alt=\"\" height=\"1440\" width=\"1920\" \/><div class=\"overlay\"><\/div><\/div><\/div><div class=\"gutentor-single-item-content\"><div class=\"gutentor-gallery-item-header\"><a href=\"https:\/\/rainfor.org\/wp-content\/uploads\/sites\/129\/2022\/06\/SAM_1065.jpg\" class=\"image-gallery\"><i class=\"gallery-icon fas fa-search\"><\/i><\/a><\/div><div class=\"gutentor-gallery-item-desc\"><p class=\"gutentor-single-item-desc\">Escalando un \u00e1rbol, Brasil (foto Bia Marimon)<\/p><a class=\"gutentor-button gutentor-single-item-button gutentor-icon-hide\" href=\"https:\/\/rainfor.org\/es\/proyecto\/campanas\/\"><i class=\"gutentor-button-icon fas fa-book\"><\/i><span>Lea M\u00e1s<\/span><\/a><\/div><\/div><\/div><\/div><\/div><div class=\"gutentor-gallery-item grid-md-3 grid-sm-4 grid-xs-12\"><div class=\"gutentor-single-item gutentor-image gutentor-single-item-5\"><div class=\"gutentor-gallery-item-wrap\"><div class=\"gutentor-single-item-image-box\"><div class=\"gutentor-image-thumb\"><img loading=\"lazy\" decoding=\"async\" class=\"normal-image\" src=\"https:\/\/rainfor.org\/wp-content\/uploads\/sites\/129\/2022\/06\/GOOD_Image-15_-Colombia_measuring_trees_Kindler.jpeg\" alt=\"\" height=\"1600\" width=\"1200\" \/><div class=\"overlay\"><\/div><\/div><\/div><div class=\"gutentor-single-item-content\"><div class=\"gutentor-gallery-item-header\"><a href=\"https:\/\/rainfor.org\/wp-content\/uploads\/sites\/129\/2022\/06\/GOOD_Image-15_-Colombia_measuring_trees_Kindler.jpeg\" class=\"image-gallery\"><i class=\"gallery-icon fas fa-search\"><\/i><\/a><\/div><div class=\"gutentor-gallery-item-desc\"><p class=\"gutentor-single-item-desc\">Medici\u00f3n de un \u00e1rbol grande, Colombia (foto: Esteban \u00c1lvarez D\u00e1vila)<\/p><a class=\"gutentor-button gutentor-single-item-button gutentor-icon-hide\" href=\"https:\/\/rainfor.org\/es\/proyecto\/campanas\/\"><i class=\"gutentor-button-icon fas fa-book\"><\/i><span>Lea M\u00e1s<\/span><\/a><\/div><\/div><\/div><\/div><\/div><div class=\"gutentor-gallery-item grid-md-3 grid-sm-4 grid-xs-12\"><div class=\"gutentor-single-item gutentor-image gutentor-single-item-6\"><div class=\"gutentor-gallery-item-wrap\"><div class=\"gutentor-single-item-image-box\"><div class=\"gutentor-image-thumb\"><img loading=\"lazy\" decoding=\"async\" class=\"normal-image\" src=\"https:\/\/rainfor.org\/wp-content\/uploads\/sites\/129\/2022\/06\/GOOD_Emilio_CLA_EmilioVilanova_1-2.jpg\" alt=\"\" height=\"1920\" width=\"1272\" \/><div class=\"overlay\"><\/div><\/div><\/div><div class=\"gutentor-single-item-content\"><div class=\"gutentor-gallery-item-header\"><a href=\"https:\/\/rainfor.org\/wp-content\/uploads\/sites\/129\/2022\/06\/GOOD_Emilio_CLA_EmilioVilanova_1-2.jpg\" class=\"image-gallery\"><i class=\"gallery-icon fas fa-search\"><\/i><\/a><\/div><div class=\"gutentor-gallery-item-desc\"><p class=\"gutentor-single-item-desc\">Tomando una muestra foliar (foto: Emilio Vilanova)<\/p><a class=\"gutentor-button gutentor-single-item-button gutentor-icon-hide\" href=\"https:\/\/rainfor.org\/es\/proyecto\/campanas\/\"><i class=\"gutentor-button-icon fas fa-book\"><\/i><span>Lea M\u00e1s<\/span><\/a><\/div><\/div><\/div><\/div><\/div><div class=\"gutentor-gallery-item grid-md-3 grid-sm-4 grid-xs-12\"><div class=\"gutentor-single-item gutentor-image gutentor-single-item-7\"><div class=\"gutentor-gallery-item-wrap\"><div class=\"gutentor-single-item-image-box\"><div class=\"gutentor-image-thumb\"><img loading=\"lazy\" decoding=\"async\" class=\"normal-image\" src=\"https:\/\/rainfor.org\/wp-content\/uploads\/sites\/129\/2022\/06\/JB.envfoto.bigtree_fullsize.jpg\" alt=\"\" height=\"630\" width=\"419\" \/><div class=\"overlay\"><\/div><\/div><\/div><div class=\"gutentor-single-item-content\"><div class=\"gutentor-gallery-item-header\"><a href=\"https:\/\/rainfor.org\/wp-content\/uploads\/sites\/129\/2022\/06\/JB.envfoto.bigtree_fullsize.jpg\" class=\"image-gallery\"><i class=\"gallery-icon fas fa-search\"><\/i><\/a><\/div><div class=\"gutentor-gallery-item-desc\"><p class=\"gutentor-single-item-desc\">Medici\u00f3n de un \u00e1rbol grande<\/p><a class=\"gutentor-button gutentor-single-item-button gutentor-icon-hide\" href=\"https:\/\/rainfor.org\/es\/proyecto\/campanas\/\"><i class=\"gutentor-button-icon fas fa-book\"><\/i><span>Lea M\u00e1s<\/span><\/a><\/div><\/div><\/div><\/div><\/div><div class=\"gutentor-gallery-item grid-md-3 grid-sm-4 grid-xs-12\"><div class=\"gutentor-single-item gutentor-image gutentor-single-item-8\"><div class=\"gutentor-gallery-item-wrap\"><div class=\"gutentor-single-item-image-box\"><div class=\"gutentor-image-thumb\"><img loading=\"lazy\" decoding=\"async\" class=\"normal-image\" src=\"https:\/\/rainfor.org\/wp-content\/uploads\/sites\/129\/2022\/06\/Equipo-de-Campo-Oso_Playa-2014.jpg\" alt=\"\" height=\"1440\" width=\"1920\" \/><div class=\"overlay\"><\/div><\/div><\/div><div class=\"gutentor-single-item-content\"><div class=\"gutentor-gallery-item-header\"><a href=\"https:\/\/rainfor.org\/wp-content\/uploads\/sites\/129\/2022\/06\/Equipo-de-Campo-Oso_Playa-2014.jpg\" class=\"image-gallery\"><i class=\"gallery-icon fas fa-search\"><\/i><\/a><\/div><div class=\"gutentor-gallery-item-desc\"><p class=\"gutentor-single-item-desc\">Equipo Rainfor, PNY-09, Peru, 2014<\/p><a class=\"gutentor-button gutentor-single-item-button gutentor-icon-hide\" href=\"https:\/\/rainfor.org\/es\/proyecto\/campanas\/\"><i class=\"gutentor-button-icon fas fa-book\"><\/i><span>Lea M\u00e1s<\/span><\/a><\/div><\/div><\/div><\/div><\/div><\/div><\/div><\/section>\n\n\n\n<div id=\"section-ge0c60c\" class=\"wp-block-gutentor-e2 section-ge0c60c gutentor-element gutentor-element-button button-align-center-desktop\"><span class=\"gutentor-button-wrap\"><a class=\"gutentor-button gutentor-block-button gutentor-icon-hide\" href=\"https:\/\/rainfor.org\/es\/proyecto\/campanas\/\"><i class=\"gutentor-button-icon fas fa-book\"><\/i><span><strong>Vea todas las campa\u00f1as<\/strong><\/span><\/a><\/span><\/div>\n","protected":false},"excerpt":{"rendered":"","protected":false},"author":597,"featured_media":0,"parent":0,"menu_order":0,"comment_status":"closed","ping_status":"closed","template":"","meta":{"_acf_changed":false,"inline_featured_image":false,"_editorskit_title_hidden":false,"_editorskit_reading_time":1,"_editorskit_is_block_options_detached":false,"_editorskit_block_options_position":"{}","footnotes":""},"class_list":["post-1396","page","type-page","status-publish"],"acf":[],"_links":{"self":[{"href":"https:\/\/rainfor.org\/es\/wp-json\/wp\/v2\/pages\/1396","targetHints":{"allow":["GET"]}}],"collection":[{"href":"https:\/\/rainfor.org\/es\/wp-json\/wp\/v2\/pages"}],"about":[{"href":"https:\/\/rainfor.org\/es\/wp-json\/wp\/v2\/types\/page"}],"author":[{"embeddable":true,"href":"https:\/\/rainfor.org\/es\/wp-json\/wp\/v2\/users\/597"}],"replies":[{"embeddable":true,"href":"https:\/\/rainfor.org\/es\/wp-json\/wp\/v2\/comments?post=1396"}],"version-history":[{"count":0,"href":"https:\/\/rainfor.org\/es\/wp-json\/wp\/v2\/pages\/1396\/revisions"}],"wp:attachment":[{"href":"https:\/\/rainfor.org\/es\/wp-json\/wp\/v2\/media?parent=1396"}],"curies":[{"name":"wp","href":"https:\/\/api.w.org\/{rel}","templated":true}]}}