{"id":1471,"date":"2022-06-12T18:24:30","date_gmt":"2022-06-12T17:24:30","guid":{"rendered":"https:\/\/rainfor.org\/?page_id=1471"},"modified":"2022-07-14T14:18:37","modified_gmt":"2022-07-14T13:18:37","slug":"boletin","status":"publish","type":"page","link":"https:\/\/rainfor.org\/es\/noticias-2\/boletin\/","title":{"rendered":"Bolet\u00edn"},"content":{"rendered":"\n<ul class=\"wp-block-list\"><li>RAINFOR-AMAZONICA Newsletter:&nbsp;<a rel=\"noreferrer noopener\" href=\"https:\/\/rainfor.org\/wp-content\/uploads\/sites\/129\/2022\/06\/RAINFOR_Newsletter10_EN.pdf\" target=\"_blank\">Issue 10<\/a>&nbsp;(Diciembre 2013) s\u00f3lo en Ingl\u00e9s<\/li><li>RAINFOR-AMAZONICA Newsletter:&nbsp;<a rel=\"noreferrer noopener\" href=\"https:\/\/rainfor.org\/wp-content\/uploads\/sites\/129\/2022\/06\/RAINFOR_Newsletter9_EN.pdf\" target=\"_blank\">Issue 9<\/a>&nbsp;(Junio 2013) s\u00f3lo en Ingl\u00e9s por el momento<\/li><li>RAINFOR-AMAZONICA Newsletter:&nbsp;<a rel=\"noreferrer noopener\" href=\"https:\/\/rainfor.org\/wp-content\/uploads\/sites\/129\/2022\/06\/RAINFOR_Newsletter8_EN.FINAL_.pdf\" target=\"_blank\">Issue 8<\/a>&nbsp;(Noviembre 2012)<\/li><li>RAINFOR-AMAZONICA Newsletter: <a rel=\"noreferrer noopener\" href=\"https:\/\/rainfor.org\/wp-content\/uploads\/sites\/129\/2022\/06\/RAINFOR_Newsletter7_EN.pdf\" target=\"_blank\">Issue 7<\/a> (Junio 2012) s\u00f3lo en Ingl\u00e9s por el momento<\/li><li>RAINFOR-AMAZONICA Newsletter: <a rel=\"noreferrer noopener\" href=\"https:\/\/rainfor.org\/wp-content\/uploads\/sites\/129\/2022\/06\/RAINFOR_Newsletter6_EN.pdf\" target=\"_blank\">Issue 6<\/a> (Octubre 2011) s\u00f3lo en Ingl\u00e9s por el momento<\/li><li>RAINFOR-AMAZONICA Newsletter: <a rel=\"noreferrer noopener\" href=\"https:\/\/rainfor.org\/wp-content\/uploads\/sites\/129\/2022\/06\/RAINFOR_Newsletter5_EN.pdf\" target=\"_blank\">Issue 5<\/a> (Abril 2011)<\/li><li>RAINFOR-AMAZONICA Newsletter: <a rel=\"noreferrer noopener\" href=\"https:\/\/rainfor.org\/wp-content\/uploads\/sites\/129\/2022\/06\/RAINFOR_Newsletter4_en.pdf\" target=\"_blank\">Issue 4<\/a> (Octubre 2010)<\/li><li>RAINFOR-AMAZONICA Newsletter: <a rel=\"noreferrer noopener\" href=\"https:\/\/rainfor.org\/wp-content\/uploads\/sites\/129\/2022\/06\/RAINFOR_Newsletter3_en.pdf\" target=\"_blank\">Issue 3<\/a> (Febrero 2010)<\/li><li>RAINFOR-AMAZONICA Newsletter: <a rel=\"noreferrer noopener\" href=\"https:\/\/rainfor.org\/wp-content\/uploads\/sites\/129\/2022\/06\/RAINFOR_Newsletter2_en.pdf\" target=\"_blank\">Issue 2<\/a> (Noviembre 2009)<\/li><li>RAINFOR-AMAZONICA Newsletter: <a rel=\"noreferrer noopener\" href=\"https:\/\/rainfor.org\/wp-content\/uploads\/sites\/129\/2022\/06\/RAINFOR-Newsletters_1ENG.pdf\" target=\"_blank\">Issue 1<\/a> &nbsp;(Abril 2009)<\/li><\/ul>\n","protected":false},"excerpt":{"rendered":"<p>RAINFOR-AMAZONICA Newsletter:&nbsp;Issue 10&nbsp;(Diciembre 2013) s\u00f3lo en Ingl\u00e9s RAINFOR-AMAZONICA Newsletter:&nbsp;Issue 9&nbsp;(Junio 2013) s\u00f3lo en Ingl\u00e9s por el momento RAINFOR-AMAZONICA Newsletter:&nbsp;Issue 8&nbsp;(Noviembre 2012) RAINFOR-AMAZONICA Newsletter: Issue 7 (Junio 2012) s\u00f3lo en Ingl\u00e9s por el momento RAINFOR-AMAZONICA Newsletter: Issue 6 (Octubre 2011) s\u00f3lo en Ingl\u00e9s por el momento RAINFOR-AMAZONICA Newsletter: Issue 5 (Abril 2011) RAINFOR-AMAZONICA Newsletter: Issue 4 &#8230; <a title=\"Bolet\u00edn\" class=\"read-more\" href=\"https:\/\/rainfor.org\/es\/noticias-2\/boletin\/\" aria-label=\"Leer m\u00e1s sobre Bolet\u00edn\">Leer m\u00e1s<\/a><\/p>\n","protected":false},"author":415,"featured_media":0,"parent":1469,"menu_order":0,"comment_status":"closed","ping_status":"closed","template":"","meta":{"_acf_changed":false,"inline_featured_image":false,"_editorskit_title_hidden":false,"_editorskit_reading_time":0,"_editorskit_is_block_options_detached":false,"_editorskit_block_options_position":"{}","footnotes":""},"class_list":["post-1471","page","type-page","status-publish"],"acf":[],"_links":{"self":[{"href":"https:\/\/rainfor.org\/es\/wp-json\/wp\/v2\/pages\/1471","targetHints":{"allow":["GET"]}}],"collection":[{"href":"https:\/\/rainfor.org\/es\/wp-json\/wp\/v2\/pages"}],"about":[{"href":"https:\/\/rainfor.org\/es\/wp-json\/wp\/v2\/types\/page"}],"author":[{"embeddable":true,"href":"https:\/\/rainfor.org\/es\/wp-json\/wp\/v2\/users\/415"}],"replies":[{"embeddable":true,"href":"https:\/\/rainfor.org\/es\/wp-json\/wp\/v2\/comments?post=1471"}],"version-history":[{"count":0,"href":"https:\/\/rainfor.org\/es\/wp-json\/wp\/v2\/pages\/1471\/revisions"}],"up":[{"embeddable":true,"href":"https:\/\/rainfor.org\/es\/wp-json\/wp\/v2\/pages\/1469"}],"wp:attachment":[{"href":"https:\/\/rainfor.org\/es\/wp-json\/wp\/v2\/media?parent=1471"}],"curies":[{"name":"wp","href":"https:\/\/api.w.org\/{rel}","templated":true}]}}