{"id":1503,"date":"2018-02-14T13:38:41","date_gmt":"2018-02-14T13:38:41","guid":{"rendered":"https:\/\/rainfor.org\/?page_id=1503"},"modified":"2022-07-14T14:17:54","modified_gmt":"2022-07-14T13:17:54","slug":"sobre-a-rainfor","status":"publish","type":"page","link":"https:\/\/rainfor.org\/pt\/projeto\/sobre-a-rainfor\/","title":{"rendered":"Miss\u00e3o do RAINFOR"},"content":{"rendered":"\n<div class=\"wp-block-image\"><figure class=\"alignleft size-full\"><img loading=\"lazy\" decoding=\"async\" width=\"300\" height=\"156\" src=\"https:\/\/rainfor.org\/wp-content\/uploads\/sites\/129\/2022\/06\/forest-south-peru.jpg\" alt=\"\" class=\"wp-image-74\" \/><\/figure><\/div>\n\n\n\n<p>A Rede de Invent\u00e1rios da Floresta Amaz\u00f4nica \u00e9 uma colabora\u00e7\u00e3o internacional para compreender a din\u00e2mica dos ecossistemas florestais da Amaz\u00f4nia, a qual possui mais esp\u00e9cies, \u00e1gua e carbono do que qualquer outra floresta do planeta Terra. Desde o ano 2000 n\u00f3s criamos um esfor\u00e7o comunit\u00e1rio para monitorar a Amaz\u00f4nia a longo-prazo, no ch\u00e3o e \u00e1rvore por \u00e1rvore. Este esfor\u00e7o est\u00e1 centralizado em parcelas permanentes, e inclui extensivas coletas de solo e tra\u00e7os de plantas, e oferece uma plataforma para o monitoramento intensivo de amostras da \u00e1rea. Ao compilar e comparar estes estudos em escala regional, um novo n\u00edvel de informa\u00e7\u00e3o \u00e9 disponibilizado, o que gera insights fundamentais para os mecanismos subjacentes \u00e0s respostas dos ecossistemas da Amaz\u00f4nia ao clima &#8211; e sua sa\u00fade no futuro em mundo que passa por r\u00e1pidas mudan\u00e7as.<\/p>\n\n\n\n<p>As contribui\u00e7\u00f5es cient\u00edficas do RAINFOR abrangem mais de 300 artigos cient\u00edficos. Nossas an\u00e1lises de larga escala incluem a descoberta do sumidouro de carbono das floretas tropicais, o que revela mudan\u00e7as fundamentais no crescimento e mortalidade das \u00e1rvores, detectando e atribuindo a sensibilidade das florestas da Amaz\u00f4nia ao clima, e descobrindo como as mudan\u00e7as de biodiversidade s\u00e3o causadas pelo clima. Conforme a Amaz\u00f4nia muda, se torna cada vez mais vital entender o que est\u00e1 acontecendo em seu ch\u00e3o.<\/p>\n\n\n\n<p class=\"has-medium-font-size\" style=\"font-style:normal;font-weight:600\">O RAINFOR unifica investigadores de nove na\u00e7\u00f5es da Amaz\u00f4nia para possibilitar uma ci\u00eancia colaborativa, encorajadora, sustent\u00e1vel e impactante.<\/p>\n\n\n\n<div class=\"wp-block-columns is-layout-flex wp-container-core-columns-is-layout-9d6595d7 wp-block-columns-is-layout-flex\">\n<div class=\"wp-block-column is-layout-flow wp-block-column-is-layout-flow\">\n<h2 class=\"has-global-color-10-color has-text-color wp-block-heading\">Nossos objetivos s\u00e3o:<\/h2>\n\n\n\n<ul class=\"wp-block-list\"><li>Criar e manter \u00e1reas sentinelas de longo prazo para monitorar a sa\u00fade das florestas da Amaz\u00f4nia.<\/li><li>Compreender como os ambientes naturais e humanos controlam a biodiversidade da floresta e os processos de carbono.<\/li><li>Revelar como tanto as mudan\u00e7as do clima quanto as atmosf\u00e9ricas impactam as din\u00e2micas e o carbono da Floresta Amaz\u00f4nica \u2013 e como as florestas s\u00e3o (ou n\u00e3o) resilientes \u00e0 estas mudan\u00e7as.<\/li><li>Dar suporte para as novas gera\u00e7\u00f5es de cientistas, incluindo treinamento em m\u00e9todos para monitoramento de esp\u00e9cies, din\u00e2mica e processos de carbono, e oportunidades para conectar com outros pesquisadores, compartilhar e gerenciar seus dados e liderar an\u00e1lises.<\/li><li>Ajudar a calibrar, validar e dar refer\u00eancia para os modelos de din\u00e2mica de vegeta\u00e7\u00e3o, para as miss\u00f5es de sensoriamento remoto e sensores, e outros esfor\u00e7os comunit\u00e1rios para compreender o futuro, o presente e o passado das florestas da Terra.<\/li><li>Oferecer suporte para esfor\u00e7os globais de adapta\u00e7\u00e3o \u00e0s mudan\u00e7as clim\u00e1ticas, atrav\u00e9s de contribui\u00e7\u00e3o com outras iniciativas florestais, dando apoio \u00e0 Contribui\u00e7\u00e3o Nacionalmente Determinada para adapta\u00e7\u00f5es \u00e0s mudan\u00e7as clim\u00e1ticas, e melhorias das estimativas de carbono estocado nas florestas.<\/li><\/ul>\n<\/div>\n\n\n\n<div class=\"wp-block-column is-layout-flow wp-block-column-is-layout-flow\">\n<h2 class=\"has-global-color-10-color has-text-color wp-block-heading\">Sobre a Amaz\u00f4nia<\/h2>\n\n\n\n<p>Com cerca de 6milh\u00f5es de km2, a Floresta Amaz\u00f4nica ocupa uma \u00e1rea 25 vezes maior do que o Reino Unido, 15 vezes o tamanho da Calif\u00f3rnia, abrange nove pa\u00edses entre os quais o Brasil \u00e9 o maior. Ela cont\u00e9m um quinto de todas as esp\u00e9cies arb\u00f3reas, um quinto da biomassa de carbono da Terra, e \u00e9 casa para milh\u00f5es de pessoas. Cada ano 18 bilh\u00f5es de toneladas de carbono circulam nas florestas da Amaz\u00f4nia \u2013 duas vezes mais que as emiss\u00f5es de todo combust\u00edvel f\u00f3ssil queimado no mundo.<\/p>\n\n\n\n<p>As florestas da Amaz\u00f4nia est\u00e3o sob grande press\u00e3o devido ao desmatamento e explora\u00e7\u00e3o dos recursos naturais. Elas est\u00e3o sob um clima mais quente, com mudan\u00e7as nos padr\u00f5es de chuvas, e mudan\u00e7as atmosf\u00e9ricas. Devido \u00e0 vasta escala da Amaz\u00f4nia, qualquer mudan\u00e7a relativamente pequena em sua estrutura e fun\u00e7\u00e3o implica em consequ\u00eancias para a biodiversidade terrestre e para as taxas de mudan\u00e7as clim\u00e1ticas.<\/p>\n\n\n\n<p>A pesquisa do RAINFOR descobriu recentemente que as florestas maduras estocam carbono extra, o equivalente a milhares de toneladas de carbono extra todo ano. Isso seria o suficiente para reduzir a taxa de mudan\u00e7a clim\u00e1tica, mas o nosso trabalho tamb\u00e9m mostra que este subs\u00eddio da natureza est\u00e1 sob amea\u00e7a pela pr\u00f3pria mudan\u00e7a clim\u00e1tica. A Amaz\u00f4nia est\u00e1 mudando. Um cuidadoso monitoramento no ch\u00e3o desta vasta regi\u00e3o \u00e9 mais essencial do que nunca para compreender os benef\u00edcios oferecidos pela Amaz\u00f4nia, avaliar a amea\u00e7a de redu\u00e7\u00e3o do sumidouro de carbono, e compreender o corte de emiss\u00f5es necess\u00e1rio em todo o mundo.<\/p>\n\n\n\n<p>Amazonia provides, assess the threat of a declining carbon sink, and know the scale of emission cuts needed elsewhere.<\/p>\n<\/div>\n<\/div>\n\n\n\n<p class=\"has-medium-font-size\" style=\"font-style:normal;font-weight:600\">Remedi\u00e7\u00f5es consistentes, repetitivas e compar\u00e1veis s\u00e3o componentes fundamentais para o entendimento das mudan\u00e7as a longo-prazo. O RAINFOR cumprimenta todos os parceiros que compartilham da mesma vis\u00e3o e do nosso foco nas pessoas que fazem isso poss\u00edvel na Amaz\u00f4nia.<\/p>\n\n\n","protected":false},"excerpt":{"rendered":"<p>A Rede de Invent\u00e1rios da Floresta Amaz\u00f4nica \u00e9 uma colabora\u00e7\u00e3o internacional para compreender a din\u00e2mica dos ecossistemas florestais da Amaz\u00f4nia, a qual possui mais esp\u00e9cies, \u00e1gua e carbono do que qualquer outra floresta do planeta Terra. Desde o ano 2000 n\u00f3s criamos um esfor\u00e7o comunit\u00e1rio para monitorar a Amaz\u00f4nia a longo-prazo, no ch\u00e3o e \u00e1rvore &#8230; <a title=\"Miss\u00e3o do RAINFOR\" class=\"read-more\" href=\"https:\/\/rainfor.org\/pt\/projeto\/sobre-a-rainfor\/\" aria-label=\"Read more about Miss\u00e3o do RAINFOR\">Read more<\/a><\/p>\n","protected":false},"author":415,"featured_media":0,"parent":1498,"menu_order":2,"comment_status":"closed","ping_status":"closed","template":"","meta":{"_acf_changed":false,"inline_featured_image":false,"_editorskit_title_hidden":false,"_editorskit_reading_time":0,"_editorskit_is_block_options_detached":false,"_editorskit_block_options_position":"{}","footnotes":""},"class_list":["post-1503","page","type-page","status-publish"],"acf":[],"_links":{"self":[{"href":"https:\/\/rainfor.org\/pt\/wp-json\/wp\/v2\/pages\/1503","targetHints":{"allow":["GET"]}}],"collection":[{"href":"https:\/\/rainfor.org\/pt\/wp-json\/wp\/v2\/pages"}],"about":[{"href":"https:\/\/rainfor.org\/pt\/wp-json\/wp\/v2\/types\/page"}],"author":[{"embeddable":true,"href":"https:\/\/rainfor.org\/pt\/wp-json\/wp\/v2\/users\/415"}],"replies":[{"embeddable":true,"href":"https:\/\/rainfor.org\/pt\/wp-json\/wp\/v2\/comments?post=1503"}],"version-history":[{"count":0,"href":"https:\/\/rainfor.org\/pt\/wp-json\/wp\/v2\/pages\/1503\/revisions"}],"up":[{"embeddable":true,"href":"https:\/\/rainfor.org\/pt\/wp-json\/wp\/v2\/pages\/1498"}],"wp:attachment":[{"href":"https:\/\/rainfor.org\/pt\/wp-json\/wp\/v2\/media?parent=1503"}],"curies":[{"name":"wp","href":"https:\/\/api.w.org\/{rel}","templated":true}]}}