{"id":1511,"date":"2022-06-12T20:24:25","date_gmt":"2022-06-12T19:24:25","guid":{"rendered":"https:\/\/rainfor.org\/?page_id=1511"},"modified":"2022-07-15T10:31:47","modified_gmt":"2022-07-15T09:31:47","slug":"em-campo","status":"publish","type":"page","link":"https:\/\/rainfor.org\/pt\/manuais\/em-campo\/","title":{"rendered":"Em campo"},"content":{"rendered":"\n<h2 class=\"wp-block-heading\">RAINFOR&nbsp;dados, \u00e9tica e pol\u00edtica de publica\u00e7\u00e3o<\/h2>\n\n\n\n<p><a href=\"https:\/\/forestplots.net\/pt\/colabore-com-o-forestplots\/codigo-de-conduta\" target=\"_blank\" rel=\"noreferrer noopener\">C\u00f3digo de \u00c9tica, Compartilhamento de Dados e Pol\u00edtica de Publica\u00e7\u00e3o para&nbsp;Participantes da RAINFOR<\/a><\/p>\n\n\n\n<hr class=\"wp-block-separator has-text-color has-background has-global-color-10-background-color has-global-color-10-color\" \/>\n\n\n\n<h2 class=\"wp-block-heading\">Antes do campo<\/h2>\n\n\n\n<p><a href=\"https:\/\/rainfor.org\/wp-content\/uploads\/sites\/129\/2022\/07\/NovaParcela_PlanilhaDeCampo_PT.xlsx\">Modelo de planilha de campo para novas parcelas (dispon\u00edvel para impressao) &#8211; Metadata\/Arvores\/Liana<\/a><em> &#8211; revisado 2016<\/em><\/p>\n\n\n\n<p>Guidelines for preparing fieldsheets for recensus using ForestPlots.net- Metadata\/Trees\/lianas- <em>in prep 2017<\/em><\/p>\n\n\n\n<hr class=\"wp-block-separator has-text-color has-background has-global-color-10-background-color has-global-color-10-color\" \/>\n\n\n\n<h2 class=\"wp-block-heading\">Manuais de campo<\/h2>\n\n\n\n<p><a href=\"http:\/\/www.forestplots.net\/upload\/pt\/ManualsPT\/RAINFOR_field_manual_PT.pdf\" target=\"_blank\" rel=\"noreferrer noopener\">Remedi\u00e7\u00e3o e&nbsp;estabelecimento de parcelas<\/a>&nbsp;&#8211;&nbsp;<em>revisado 2021<\/em><\/p>\n\n\n\n<p><a rel=\"noreferrer noopener\" href=\"http:\/\/www.forestplots.net\/upload\/pt\/ManualsPT\/RAINFOR_data_codes_PT.pdf\" target=\"_blank\">C\u00f3digos para o Trabalho de Campo e Base de Dados &#8211; \u00c1rvores<\/a> &#8211;&nbsp;<em>revisado 2021<\/em><\/p>\n\n\n\n<p><a rel=\"noreferrer noopener\" href=\"https:\/\/rainfor.org\/wp-content\/uploads\/sites\/129\/2022\/07\/RAINFOR_Lianadata_codes_Nov2014_PT.pdf\" target=\"_blank\">C\u00f3digos para o Trabalho de Campo e Base de Dados &#8211; Lianas<\/a>&nbsp;&#8211;&nbsp;<em>revisado 2014<\/em><\/p>\n\n\n\n<p><a href=\"https:\/\/rainfor.org\/wp-content\/uploads\/sites\/129\/2022\/07\/CrownLianaProtocols_PT.pdf\" target=\"_blank\" rel=\"noreferrer noopener\">\u00cdndice de Lianas e&nbsp;da Copa<\/a>&nbsp;&#8211; <em>revisado 2018<\/em><\/p>\n\n\n\n<p><a href=\"https:\/\/rainfor.org\/wp-content\/uploads\/sites\/129\/2022\/06\/MANUAL-DE-INDUCCION_Monanperu.pdf\" target=\"_blank\" rel=\"noreferrer noopener\">MonANPeru Manual de induccion &#8211; <em>2017<\/em><\/a><\/p>\n\n\n\n<p><a href=\"https:\/\/rainfor.org\/wp-content\/uploads\/sites\/129\/2022\/07\/CWD_protocol_RAINFOR_2011_PT.pdf\" target=\"_blank\" rel=\"noreferrer noopener\">Medi\u00e7\u00f5es de detritos de madeira grossa em parcelas RAINFOR-&nbsp;<em>version 2011<\/em><\/a><\/p>\n\n\n\n<p><a href=\"https:\/\/rainfor.org\/wp-content\/uploads\/sites\/129\/2022\/06\/leaves_english1.pdf\" target=\"_blank\" rel=\"noreferrer noopener\">Folhas<\/a>&nbsp;&nbsp;(apenas em Ingl\u00eas no momento)<\/p>\n\n\n\n<p><a href=\"https:\/\/rainfor.org\/wp-content\/uploads\/sites\/129\/2022\/07\/TreeHeight_portuguese1.pdf\" target=\"_blank\" rel=\"noreferrer noopener\">Altura das arvores<\/a><\/p>\n\n\n\n<p><a href=\"https:\/\/rainfor.org\/wp-content\/uploads\/sites\/129\/2022\/06\/ModeOfDeath_english1.pdf\" target=\"_blank\" rel=\"noreferrer noopener\">Modo de morte&nbsp;<\/a>(apenas em Ingl\u00eas no momento)<\/p>\n\n\n\n<p><a href=\"https:\/\/rainfor.org\/wp-content\/uploads\/sites\/129\/2022\/06\/Roots_english1.pdf\" target=\"_blank\" rel=\"noreferrer noopener\">Ra\u00edzes<\/a>&nbsp;(apenas em Ingl\u00eas no momento)<\/p>\n\n\n\n<p><a href=\"https:\/\/rainfor.org\/wp-content\/uploads\/sites\/129\/2022\/07\/wood_density_portuguese1.pdf\" target=\"_blank\" rel=\"noreferrer noopener\">Densidade da madeira<\/a><\/p>\n\n\n\n<p><a href=\"https:\/\/rainfor.org\/wp-content\/uploads\/sites\/129\/2022\/07\/Protocolo_coleta_intensiva_de_solos_PT.pdf\" target=\"_blank\" rel=\"noreferrer noopener\">Protocolo coleta intensiva de solos<\/a><\/p>\n\n\n\n<p><a href=\"https:\/\/rainfor.org\/wp-content\/uploads\/sites\/129\/2022\/06\/COLECTA-DE-MUESTRAS-DE-SUELO_2014_2.pdf\" target=\"_blank\" rel=\"noreferrer noopener\">Protocolo RAINFOR para coleta&nbsp;de solos<\/a>&nbsp;&#8211;&nbsp;<em>vers\u00e3o em ES<\/em><\/p>\n\n\n\n<hr class=\"wp-block-separator has-text-color has-background has-global-color-10-background-color has-global-color-10-color\" \/>\n\n\n\n<h2 class=\"wp-block-heading\">Monitoramento de processos de carbono em parcelas permanentes<\/h2>\n\n\n\n<p><a href=\"https:\/\/rainfor.org\/wp-content\/uploads\/sites\/129\/2022\/06\/Honorio_Baker2010-Manual-carbono.pdf\" target=\"_blank\" rel=\"noreferrer noopener\">Manual de monitoramento do ciclo de carbono da floresta amaz\u00f4nica<\/a>&nbsp;(apenas em Espanhol)<\/p>\n\n\n\n<p>Medi\u00e7\u00e3o de aloca\u00e7\u00e3o de carbono da floresta tropical e ciclismo-&nbsp;<em><a href=\"http:\/\/gem.tropicalforests.ox.ac.uk\/files\/RAINFOR-GEMmanual.HQ.pdf\" target=\"_blank\" rel=\"noreferrer noopener\">updated version May 2012<\/a>&nbsp;<\/em>(apenas em Ingl\u00eas no momento)<\/p>\n\n\n\n<p><a href=\"https:\/\/rainfor.org\/wp-content\/uploads\/sites\/129\/2022\/06\/Respiration-equations1.xls\">Equa\u00e7\u00f5es de respira\u00e7\u00e3o exercer<\/a>&nbsp;(apenas em Ingl\u00eas no momento)<\/p>\n\n\n\n<p><a href=\"https:\/\/rainfor.org\/wp-content\/uploads\/sites\/129\/2022\/06\/Rhizotron-equations.Corrected.xls\">Equa\u00e7\u00f5es de rhizotron exercer<\/a>&nbsp;(apenas em Ingl\u00eas no momento)<\/p>\n\n\n\n<hr class=\"wp-block-separator has-text-color has-background has-global-color-10-background-color has-global-color-10-color\" \/>\n\n\n\n<h2 class=\"wp-block-heading\">Apoiar o uso sustent\u00e1vel dos recursos florestais: avalia\u00e7\u00e3o integrada da biodiversidade florestal e comunidade uso<\/h2>\n\n\n\n<p>&#8220;A Methodology to Evaluate Biodiversity and Forest Resources&#8221;&nbsp;(apenas em Ingl\u00eas no momento)<\/p>\n\n\n\n<hr class=\"wp-block-separator has-text-color has-background has-global-color-10-background-color has-global-color-10-color\" \/>\n\n\n\n<h2 class=\"wp-block-heading\">Pol\u00edtica das&nbsp;Redes Sociais<\/h2>\n\n\n\n<p><a href=\"https:\/\/rainfor.org\/wp-content\/uploads\/sites\/129\/2022\/06\/RAINFOR-and-FPlots-Facebook-and-Twitter-Policy_JR.pdf\" target=\"_blank\" rel=\"noreferrer noopener\">&nbsp;<u>RAINFOR e&nbsp;ForestPlots Pol\u00edticas &#8211;&nbsp;Facebook e&nbsp;Twitter<\/u><\/a>&nbsp;(vers\u00e3o&nbsp;em&nbsp;Ingl\u00eas)<\/p>\n\n\n\n<p><\/p>\n","protected":false},"excerpt":{"rendered":"<p>RAINFOR&nbsp;dados, \u00e9tica e pol\u00edtica de publica\u00e7\u00e3o C\u00f3digo de \u00c9tica, Compartilhamento de Dados e Pol\u00edtica de Publica\u00e7\u00e3o para&nbsp;Participantes da RAINFOR Antes do campo Modelo de planilha de campo para novas parcelas (dispon\u00edvel para impressao) &#8211; Metadata\/Arvores\/Liana &#8211; revisado 2016 Guidelines for preparing fieldsheets for recensus using ForestPlots.net- Metadata\/Trees\/lianas- in prep 2017 Manuais de campo Remedi\u00e7\u00e3o e&nbsp;estabelecimento &#8230; <a title=\"Em campo\" class=\"read-more\" href=\"https:\/\/rainfor.org\/pt\/manuais\/em-campo\/\" aria-label=\"Read more about Em campo\">Read more<\/a><\/p>\n","protected":false},"author":415,"featured_media":0,"parent":1510,"menu_order":0,"comment_status":"closed","ping_status":"closed","template":"","meta":{"_acf_changed":false,"inline_featured_image":false,"_editorskit_title_hidden":false,"_editorskit_reading_time":0,"_editorskit_is_block_options_detached":false,"_editorskit_block_options_position":"{}","footnotes":""},"class_list":["post-1511","page","type-page","status-publish"],"acf":[],"_links":{"self":[{"href":"https:\/\/rainfor.org\/pt\/wp-json\/wp\/v2\/pages\/1511","targetHints":{"allow":["GET"]}}],"collection":[{"href":"https:\/\/rainfor.org\/pt\/wp-json\/wp\/v2\/pages"}],"about":[{"href":"https:\/\/rainfor.org\/pt\/wp-json\/wp\/v2\/types\/page"}],"author":[{"embeddable":true,"href":"https:\/\/rainfor.org\/pt\/wp-json\/wp\/v2\/users\/415"}],"replies":[{"embeddable":true,"href":"https:\/\/rainfor.org\/pt\/wp-json\/wp\/v2\/comments?post=1511"}],"version-history":[{"count":0,"href":"https:\/\/rainfor.org\/pt\/wp-json\/wp\/v2\/pages\/1511\/revisions"}],"up":[{"embeddable":true,"href":"https:\/\/rainfor.org\/pt\/wp-json\/wp\/v2\/pages\/1510"}],"wp:attachment":[{"href":"https:\/\/rainfor.org\/pt\/wp-json\/wp\/v2\/media?parent=1511"}],"curies":[{"name":"wp","href":"https:\/\/api.w.org\/{rel}","templated":true}]}}